{"id":1917,"date":"2024-08-13T11:47:50","date_gmt":"2024-08-13T11:47:50","guid":{"rendered":"https:\/\/caneturisme.es\/historia\/"},"modified":"2024-08-13T11:47:50","modified_gmt":"2024-08-13T11:47:50","slug":"historia","status":"publish","type":"page","link":"https:\/\/caneturisme.es\/va\/historia\/","title":{"rendered":"Hist\u00f2ria"},"content":{"rendered":"","protected":false},"excerpt":{"rendered":"","protected":false},"author":1,"featured_media":0,"parent":0,"menu_order":0,"comment_status":"closed","ping_status":"closed","template":"","meta":{"_acf_changed":false,"_seopress_robots_primary_cat":"","_seopress_titles_title":"Coneix la historia | Turisme Canet d'en Berenguer","_seopress_titles_desc":"Descobrix la fascinant hist\u00f2ria de Canet d'en Berenguer, els seus tresors arquitect\u00f2nics i la seua magn\u00edfica platja.","_seopress_robots_index":"","footnotes":""},"class_list":["post-1917","page","type-page","status-publish","hentry"],"acf":[],"_links":{"self":[{"href":"https:\/\/caneturisme.es\/va\/wp-json\/wp\/v2\/pages\/1917","targetHints":{"allow":["GET"]}}],"collection":[{"href":"https:\/\/caneturisme.es\/va\/wp-json\/wp\/v2\/pages"}],"about":[{"href":"https:\/\/caneturisme.es\/va\/wp-json\/wp\/v2\/types\/page"}],"author":[{"embeddable":true,"href":"https:\/\/caneturisme.es\/va\/wp-json\/wp\/v2\/users\/1"}],"replies":[{"embeddable":true,"href":"https:\/\/caneturisme.es\/va\/wp-json\/wp\/v2\/comments?post=1917"}],"version-history":[{"count":0,"href":"https:\/\/caneturisme.es\/va\/wp-json\/wp\/v2\/pages\/1917\/revisions"}],"wp:attachment":[{"href":"https:\/\/caneturisme.es\/va\/wp-json\/wp\/v2\/media?parent=1917"}],"curies":[{"name":"wp","href":"https:\/\/api.w.org\/{rel}","templated":true}]}}