{"id":1923,"date":"2024-08-22T07:26:27","date_gmt":"2024-08-22T07:26:27","guid":{"rendered":"https:\/\/caneturisme.es\/cordo-dunar\/"},"modified":"2024-08-22T07:26:27","modified_gmt":"2024-08-22T07:26:27","slug":"cordo-dunar","status":"publish","type":"page","link":"https:\/\/caneturisme.es\/va\/cordo-dunar\/","title":{"rendered":"Cord\u00f3 dunar"},"content":{"rendered":"","protected":false},"excerpt":{"rendered":"","protected":false},"author":1,"featured_media":0,"parent":0,"menu_order":0,"comment_status":"closed","ping_status":"closed","template":"","meta":{"_acf_changed":false,"_seopress_robots_primary_cat":"","_seopress_titles_title":"Cord\u00f3 dunar de Canet d'en Berenguer | Espai natural \u00fanic","_seopress_titles_desc":"Descobrix el cord\u00f3 dunar de Canet d'en Berenguer, un entorn protegit amb biodiversitat i bellesa que conserva la seua riquesa natural.","_seopress_robots_index":"","footnotes":""},"class_list":["post-1923","page","type-page","status-publish","hentry"],"acf":[],"_links":{"self":[{"href":"https:\/\/caneturisme.es\/va\/wp-json\/wp\/v2\/pages\/1923","targetHints":{"allow":["GET"]}}],"collection":[{"href":"https:\/\/caneturisme.es\/va\/wp-json\/wp\/v2\/pages"}],"about":[{"href":"https:\/\/caneturisme.es\/va\/wp-json\/wp\/v2\/types\/page"}],"author":[{"embeddable":true,"href":"https:\/\/caneturisme.es\/va\/wp-json\/wp\/v2\/users\/1"}],"replies":[{"embeddable":true,"href":"https:\/\/caneturisme.es\/va\/wp-json\/wp\/v2\/comments?post=1923"}],"version-history":[{"count":0,"href":"https:\/\/caneturisme.es\/va\/wp-json\/wp\/v2\/pages\/1923\/revisions"}],"wp:attachment":[{"href":"https:\/\/caneturisme.es\/va\/wp-json\/wp\/v2\/media?parent=1923"}],"curies":[{"name":"wp","href":"https:\/\/api.w.org\/{rel}","templated":true}]}}