{"id":1933,"date":"2024-08-22T07:28:24","date_gmt":"2024-08-22T07:28:24","guid":{"rendered":"https:\/\/caneturisme.es\/monuments-i-patrimoni\/"},"modified":"2025-06-20T11:01:22","modified_gmt":"2025-06-20T11:01:22","slug":"monuments-i-patrimoni","status":"publish","type":"page","link":"https:\/\/caneturisme.es\/va\/monuments-i-patrimoni\/","title":{"rendered":"Monuments i Patrimoni"},"content":{"rendered":"","protected":false},"excerpt":{"rendered":"","protected":false},"author":1,"featured_media":0,"parent":0,"menu_order":0,"comment_status":"closed","ping_status":"closed","template":"","meta":{"_acf_changed":false,"_seopress_robots_primary_cat":"","_seopress_titles_title":"Monuments de Canet d'en Berenguer | Patrimoni i cultura","_seopress_titles_desc":"Explora el patrimoni de Canet d'en Berenguer: far, museu, esgl\u00e9sia i centre hist\u00f2ric. Un recorregut cultural \u00fanic que connecta hist\u00f2ria i tradici\u00f3. ","_seopress_robots_index":"","footnotes":""},"class_list":["post-1933","page","type-page","status-publish","hentry"],"acf":[],"_links":{"self":[{"href":"https:\/\/caneturisme.es\/va\/wp-json\/wp\/v2\/pages\/1933","targetHints":{"allow":["GET"]}}],"collection":[{"href":"https:\/\/caneturisme.es\/va\/wp-json\/wp\/v2\/pages"}],"about":[{"href":"https:\/\/caneturisme.es\/va\/wp-json\/wp\/v2\/types\/page"}],"author":[{"embeddable":true,"href":"https:\/\/caneturisme.es\/va\/wp-json\/wp\/v2\/users\/1"}],"replies":[{"embeddable":true,"href":"https:\/\/caneturisme.es\/va\/wp-json\/wp\/v2\/comments?post=1933"}],"version-history":[{"count":1,"href":"https:\/\/caneturisme.es\/va\/wp-json\/wp\/v2\/pages\/1933\/revisions"}],"predecessor-version":[{"id":2119,"href":"https:\/\/caneturisme.es\/va\/wp-json\/wp\/v2\/pages\/1933\/revisions\/2119"}],"wp:attachment":[{"href":"https:\/\/caneturisme.es\/va\/wp-json\/wp\/v2\/media?parent=1933"}],"curies":[{"name":"wp","href":"https:\/\/api.w.org\/{rel}","templated":true}]}}