{"id":1940,"date":"2025-01-21T09:22:22","date_gmt":"2025-01-21T09:22:22","guid":{"rendered":"https:\/\/caneturisme.es\/politica-de-privacitat\/"},"modified":"2025-02-10T11:34:25","modified_gmt":"2025-02-10T11:34:25","slug":"politica-de-privacitat","status":"publish","type":"page","link":"https:\/\/caneturisme.es\/va\/politica-de-privacitat\/","title":{"rendered":"Pol\u00edtica de privacitat"},"content":{"rendered":"\n<h2 class=\"wp-block-heading\">Informaci\u00f3 general<\/h2>\n\n<p>L&#8217;ajuntament t\u00e9 com una de les seues prioritats garantir el dret fonamental a la protecci\u00f3 de les dades personals, tant dels usuaris que es relacionen amb la seua Administraci\u00f3 com dels propis empleats p\u00fablics al seu servici.<\/p>\n\n<p>En este sentit, l&#8217;Ajuntament manifesta que el tractament de les dades de car\u00e0cter personal que puga resultar necessari per al desenrotllament de les seues compet\u00e8ncies a trav\u00e9s del seu portal web s&#8217;ajustar\u00e0 escrupolosament al que es disposa en la Llei org\u00e0nica 15\/1999, de Protecci\u00f3 de Dades de Car\u00e0cter Personal, i a la normativa de desenrotllament o connexa que puga resultar d&#8217;aplicaci\u00f3 en l&#8217;actualitat o en un futur.<\/p>\n\n<p>En concret, totes les dades personals que puguen subministrar-se pels interessats a trav\u00e9s d&#8217;este portal no seran destinats a finalitats diferents de les expressades en el moment de la seua aportaci\u00f3, segons el sup\u00f2sit espec\u00edfic de qu\u00e8 es tracte, ni comunicats a tercers excepte en aquells sup\u00f2sits legals en qu\u00e8 puga procedir-se a esta comunicaci\u00f3 o es compte amb el consentiment expr\u00e9s de l&#8217;interessat. D&#8217;igual manera, el tractament dels mateixos s&#8217;efectuar\u00e0 de manera confidencial. En qualsevol cas, l&#8217;Ajuntament podr\u00e0 fer \u00fas de les dades contingudes en els seus fitxers amb finalitats hist\u00f2riques, estad\u00edstiques o cient\u00edfiques. Els interessats seran informats de la incorporaci\u00f3 de les seues dades personals a fitxers, automatitzats o no, de les finalitats, usos i, si \u00e9s el cas, de les possibles cessions de les seues dades en el moment es recapten els mateixos.   <\/p>\n\n<p>No obstant aix\u00f2, i amb car\u00e0cter general, s&#8217;informa a tots els usuaris que en el cas d&#8217;aportar dades personals podran exercitar els drets d&#8217;acc\u00e9s, rectificaci\u00f3, cancel\u00b7laci\u00f3 i oposici\u00f3 dirigint-se per escrit al Registre d&#8217;Entrada en:<\/p>\n\n<p>Ajuntament de Canet d&#8217;en Berenguer <br\/>Adre\u00e7a: Plaza Ajuntament 1 CP: 46529 <br\/>Tel\u00e8fon: 962 69 80 20<\/p>\n","protected":false},"excerpt":{"rendered":"<p>Informaci\u00f3 general L&#8217;ajuntament t\u00e9 com una de les seues prioritats garantir el dret fonamental a la protecci\u00f3 de les dades personals, tant dels usuaris que es relacionen amb la seua Administraci\u00f3 com dels propis empleats p\u00fablics al seu servici. En este sentit, l&#8217;Ajuntament manifesta que el tractament de les dades de car\u00e0cter personal que puga [&hellip;]<\/p>\n","protected":false},"author":1,"featured_media":0,"parent":0,"menu_order":0,"comment_status":"closed","ping_status":"closed","template":"","meta":{"_acf_changed":false,"_seopress_robots_primary_cat":"","_seopress_titles_title":"","_seopress_titles_desc":"","_seopress_robots_index":"","footnotes":""},"class_list":["post-1940","page","type-page","status-publish","hentry"],"acf":[],"_links":{"self":[{"href":"https:\/\/caneturisme.es\/va\/wp-json\/wp\/v2\/pages\/1940","targetHints":{"allow":["GET"]}}],"collection":[{"href":"https:\/\/caneturisme.es\/va\/wp-json\/wp\/v2\/pages"}],"about":[{"href":"https:\/\/caneturisme.es\/va\/wp-json\/wp\/v2\/types\/page"}],"author":[{"embeddable":true,"href":"https:\/\/caneturisme.es\/va\/wp-json\/wp\/v2\/users\/1"}],"replies":[{"embeddable":true,"href":"https:\/\/caneturisme.es\/va\/wp-json\/wp\/v2\/comments?post=1940"}],"version-history":[{"count":1,"href":"https:\/\/caneturisme.es\/va\/wp-json\/wp\/v2\/pages\/1940\/revisions"}],"predecessor-version":[{"id":1941,"href":"https:\/\/caneturisme.es\/va\/wp-json\/wp\/v2\/pages\/1940\/revisions\/1941"}],"wp:attachment":[{"href":"https:\/\/caneturisme.es\/va\/wp-json\/wp\/v2\/media?parent=1940"}],"curies":[{"name":"wp","href":"https:\/\/api.w.org\/{rel}","templated":true}]}}