{"id":1944,"date":"2025-01-21T09:28:38","date_gmt":"2025-01-21T09:28:38","guid":{"rendered":"https:\/\/caneturisme.es\/declaracio-daccessibilitat\/"},"modified":"2025-02-10T11:39:38","modified_gmt":"2025-02-10T11:39:38","slug":"declaracio-daccessibilitat","status":"publish","type":"page","link":"https:\/\/caneturisme.es\/va\/declaracio-daccessibilitat\/","title":{"rendered":"Declaraci\u00f3 d&#8217;accessibilitat"},"content":{"rendered":"\n<h2 class=\"wp-block-heading\">Informaci\u00f3 general<\/h2>\n\n<p>L&#8217;Ajuntament de Canet d&#8217;en Berenguer es compromet a proporcionar una experi\u00e8ncia web completament accessible per a tots els usuaris de totes les capacitats, inclosos els que depenen de tecnologies d&#8217;assist\u00e8ncia com a lectors de pantalla, programari d&#8217;ampliaci\u00f3 de pantalla i dispositius d&#8217;entrada de teclat alternatius per a navegar per la web.<\/p>\n\n<h2 class=\"wp-block-heading\">Esfor\u00e7os continus per a garantir l&#8217;accessibilitat<\/h2>\n\n<p>Seguim les Pautes d&#8217;Accessibilitat de Contingut Web (WCAG) versi\u00f3 2.1 com el nostre principi rector per a determinar l&#8217;accessibilitat. Estos s\u00f3n est\u00e0ndard internacionalment acceptats que abasten una \u00e0mplia gamma de recomanacions i millors pr\u00e0ctiques per a fer que el contingut siga utilitzable. A mesura que agreguem noves p\u00e0gines i funcionalitats al nostre lloc web, tots els dissenys, codis i pr\u00e0ctiques d&#8217;entrada de contingut es verifiquen contra estos est\u00e0ndards.  <\/p>\n\n<p>L&#8217;accessibilitat del lloc web \u00e9s un proc\u00e9s continu. Provem cont\u00ednuament el contingut i les funcions per al compliment de WCAG 2.1 Nivell AA i remeiem qualsevol problema per a assegurar-nos de complir o superar els est\u00e0ndards. La prova del nostre lloc web \u00e9s realitzada pels nostres membres de l&#8217;equip utilitzant ferramentes est\u00e0ndard de la ind\u00fastria, com el complement Accessibility Checker WordPress, analitzadors de contrast de color, t\u00e8cniques de navegaci\u00f3 nom\u00e9s amb teclat i proves de llegibilitat Flesch-Kincaid.  <\/p>\n\n<h2 class=\"wp-block-heading\">Caracter\u00edstiques d&#8217;accessibilitat en el nostre lloc web<\/h2>\n\n<p>A continuaci\u00f3 s&#8217;enumeren els elements que hem incl\u00f2s en el nostre lloc web per a millorar la seua accessibilitat:<\/p>\n\n<ul class=\"wp-block-list\">\n<li><strong>Text alternatiu per a les imatges<\/strong><\/li>\n\n\n\n<li><strong>Encap\u00e7alats i subt\u00edtols per a organitzar el contingut<\/strong><\/li>\n\n\n\n<li><strong>Format de text llegible<\/strong><\/li>\n\n\n\n<li><strong>Navegaci\u00f3 amb el teclat<\/strong><\/li>\n\n\n\n<li><strong>Colors d&#8217;alt contrast<\/strong><\/li>\n<\/ul>\n\n<h2 class=\"wp-block-heading\">On estem millorant<\/h2>\n\n<p>En els nostres esfor\u00e7os per portar el nostre lloc web a la norma, estem apuntant a les seg\u00fcents \u00e0rees:<\/p>\n\n<ul class=\"wp-block-list\">\n<li><strong>Millorar la compatibilitat amb lectors de pantalla<\/strong><\/li>\n\n\n\n<li><strong>Agregar m\u00e9s etiquetes de text alternatiu<\/strong><\/li>\n\n\n\n<li><strong>Millorar el contrast de color<\/strong><\/li>\n<\/ul>\n\n<p>Este \u00e9s part del nostre esfor\u00e7 m\u00e9s ampli per a fer que l&#8217;experi\u00e8ncia de tots siga acollidora i agradable. Tinga en compte que, si b\u00e9 fem tot el possible per a proporcionar informaci\u00f3 accessible per a tots els usuaris, no podem garantir l&#8217;accessibilitat dels llocs web de tercers als quals podem vincular. <\/p>\n\n<h2 class=\"wp-block-heading\">Contacte de suport d&#8217;accessibilitat<\/h2>\n\n<p>Agra\u00efm els seus comentaris, preguntes i suggeriments sobre el nostre lloc web. Si est\u00e0 utilitzant tecnologies d&#8217;assist\u00e8ncia i t\u00e9 problemes per a usar el nostre lloc web, truque al tel\u00e8fon 962 69 80 20. Farem tot el possible per a ajudar-ho a resoldre els problemes.  <\/p>\n","protected":false},"excerpt":{"rendered":"<p>Informaci\u00f3 general L&#8217;Ajuntament de Canet d&#8217;en Berenguer es compromet a proporcionar una experi\u00e8ncia web completament accessible per a tots els usuaris de totes les capacitats, inclosos els que depenen de tecnologies d&#8217;assist\u00e8ncia com a lectors de pantalla, programari d&#8217;ampliaci\u00f3 de pantalla i dispositius d&#8217;entrada de teclat alternatius per a navegar per la web. Esfor\u00e7os continus [&hellip;]<\/p>\n","protected":false},"author":1,"featured_media":0,"parent":0,"menu_order":0,"comment_status":"closed","ping_status":"closed","template":"","meta":{"_acf_changed":false,"_seopress_robots_primary_cat":"","_seopress_titles_title":"","_seopress_titles_desc":"","_seopress_robots_index":"","footnotes":""},"class_list":["post-1944","page","type-page","status-publish","hentry"],"acf":[],"_links":{"self":[{"href":"https:\/\/caneturisme.es\/va\/wp-json\/wp\/v2\/pages\/1944","targetHints":{"allow":["GET"]}}],"collection":[{"href":"https:\/\/caneturisme.es\/va\/wp-json\/wp\/v2\/pages"}],"about":[{"href":"https:\/\/caneturisme.es\/va\/wp-json\/wp\/v2\/types\/page"}],"author":[{"embeddable":true,"href":"https:\/\/caneturisme.es\/va\/wp-json\/wp\/v2\/users\/1"}],"replies":[{"embeddable":true,"href":"https:\/\/caneturisme.es\/va\/wp-json\/wp\/v2\/comments?post=1944"}],"version-history":[{"count":1,"href":"https:\/\/caneturisme.es\/va\/wp-json\/wp\/v2\/pages\/1944\/revisions"}],"predecessor-version":[{"id":1945,"href":"https:\/\/caneturisme.es\/va\/wp-json\/wp\/v2\/pages\/1944\/revisions\/1945"}],"wp:attachment":[{"href":"https:\/\/caneturisme.es\/va\/wp-json\/wp\/v2\/media?parent=1944"}],"curies":[{"name":"wp","href":"https:\/\/api.w.org\/{rel}","templated":true}]}}