{"id":1946,"date":"2025-01-21T09:32:42","date_gmt":"2025-01-21T09:32:42","guid":{"rendered":"https:\/\/caneturisme.es\/avis-legal\/"},"modified":"2025-02-10T11:41:47","modified_gmt":"2025-02-10T11:41:47","slug":"avis-legal","status":"publish","type":"page","link":"https:\/\/caneturisme.es\/va\/avis-legal\/","title":{"rendered":"Av\u00eds legal"},"content":{"rendered":"\n<h2 class=\"wp-block-heading\">Titularitat del web<\/h2>\n\n<p><a href=\"https:\/\/caneturisme.es\/va\/\" data-type=\"link\" data-id=\"https:\/\/caneturisme.es\/va\/\">caneturisme.es<\/a>, \u00e9s un domini en internet de titularitat:<\/p>\n\n<p>Ajuntament de Canet d&#8217;en Berenguer <br\/>Adre\u00e7a: Plaza Ajuntament 1 CP: 46529 <br\/>Tel\u00e8fon: 962 69 80 20<\/p>\n\n<p>L&#8217;ajuntament, a trav\u00e9s d&#8217;este espai web, es posen a la disposici\u00f3 dels diferents usuaris l&#8217;acc\u00e9s i utilitzaci\u00f3 de servicis i informaci\u00f3 referits tant a la seua \u00e0mbit d&#8217;actuaci\u00f3 com, si es dona el cas, proporcionats per tercers.<\/p>\n\n<p>Este lloc web i tots els seus continguts, incloent-hi els textos, imatges, codis i qualsevol altre material, s\u00f3n propietat d&#8217;este Ajuntament o de tercers que han autoritzat el seu \u00fas.<\/p>\n\n<p>La informaci\u00f3 i elements divulgats a trav\u00e9s d&#8217;estes p\u00e0gines es troben protegits per les lleis espanyoles i internacionals sobre Propietat Industrial i intel\u00b7lectual. De tal forma que es prohibix la seua reproducci\u00f3, distribuci\u00f3 i comunicaci\u00f3 p\u00fablica sense l&#8217;autoritzaci\u00f3 expressa d&#8217;este Ajuntament. <\/p>\n\n<h2 class=\"wp-block-heading\">T\u00e9rmens i condicions d&#8217;\u00fas<\/h2>\n\n<p>Es considera usuari del present lloc web a qualsevol que accedisca i utilitze el mateix. La condici\u00f3 d&#8217;usuari comporta la total acceptaci\u00f3 de les condicions establides en el present Av\u00eds Legal i en les especials que puguen establir-se per a determinats servicis i utilitats. Els usuaris adquirixen el comprom\u00eds d&#8217;ajustar la seua actuaci\u00f3 a les citades condicions i a observar el que es disposa per la normativa legal, aix\u00ed com a les instruccions i avisos que es posen en el seu coneixement.  <\/p>\n\n<p>Quan siga necess\u00e0ria la utilitzaci\u00f3 d&#8217;una contrasenya o nom d&#8217;usuari per a accedir a algun contingut o servici d&#8217;este lloc web, l&#8217;usuari queda obligat a mantindre-la en secret i a fer d&#8217;ella un \u00fas diligent. En cas de p\u00e8rdua o utilitzaci\u00f3 negligent de la contrasenya l&#8217;usuari respondr\u00e0 de la utilitzaci\u00f3 que d&#8217;ella hagen pogut fer terceres persones. <\/p>\n\n<p>Es prohibix la reproducci\u00f3 total o parcial dels continguts d&#8217;esta Web sense citar el seu origen o sol\u00b7licitar autoritzaci\u00f3.<\/p>\n\n<p>L&#8217;Ajuntament no \u00e9s responsable del mal \u00fas que els usuaris realitzen dels continguts del seu lloc web i es reserva el dret d&#8217;actualitzar, modificar, conservar, eliminar, o impedir l&#8217;acc\u00e9s a qualsevol contingut que aparega en el mateix o de tancar-lo sense previ av\u00eds.<\/p>\n\n<p>L&#8217;Ajuntament no \u00e9s responsable dels continguts situats fora del seu web, en els llocs web de tercers, als quals es puga accedir mitjan\u00e7ant o a trav\u00e9s d&#8217;enlla\u00e7os situats en el lloc web de l&#8217;ajuntament.<\/p>\n\n<p>En el cas de f\u00f2rums oberts o espais d&#8217;opini\u00f3 en les seues p\u00e0gines web, L&#8217;Ajuntament no s&#8217;obliga a controlar les opinions o informacions abocades pels usuaris, per\u00f2 es reserva el dret a eliminar aquelles que puguen resultar contr\u00e0ries a la legalitat vigent, especialment quan impliquen una vulneraci\u00f3 dels drets i llibertats fonamentals, als bons usos i als presents termes i condicions.<\/p>\n\n<p>L&#8217;Ajuntament no ser\u00e0 responsable de possibles danys o perju\u00eds que es pogueren derivar d&#8217;interfer\u00e8ncies, omissions, interrupcions, avaries o desconnexions en el funcionament operatiu d&#8217;este sistema electr\u00f2nic, motivades per causes alienes a este Ajuntament, o a conseq\u00fc\u00e8ncia d&#8217;ajustos o problemes t\u00e8cnics propis; aix\u00ed com de danys que puguen ser causats per virus inform\u00e0tics i per terceres persones mitjan\u00e7ant intromissions il\u00b7leg\u00edtimes fora del control de l&#8217;ajuntament.<\/p>\n\n<p>La informaci\u00f3 administrativa publicada en este lloc web t\u00e9 car\u00e0cter merament orientatiu; per tant, ni substitu\u00efx la publicitat dels documents que hagen de publicar-se en Diaris i Butlletins Oficials, l&#8217;edici\u00f3 dels quals \u00e9s l&#8217;\u00fanic instrument que dona fe de l&#8217;autenticitat i del contingut d&#8217;estos, ni de la mateixa pot derivar-se efecte jur\u00eddic vinculant algun, devent l&#8217;usuari contrastar la citada informaci\u00f3 amb l&#8217;existent en els Diaris i Butlletins Oficials, si \u00e9s el cas, o amb l&#8217;obrant en les depend\u00e8ncies pertinents de l&#8217;Administraci\u00f3. En concret, esta informaci\u00f3 no podr\u00e0 ser vinculant en la resoluci\u00f3 de procediments administratius ni al\u00b7legar-se en processos contradictoris amb l&#8217;Administraci\u00f3 P\u00fablica. En conseq\u00fc\u00e8ncia, L&#8217;Ajuntament no es fa responsable dels possibles danys i perju\u00eds que l&#8217;\u00fas d&#8217;esta informaci\u00f3 poguera ocasionar.  <\/p>\n\n<p>L&#8217;Ajuntament es reserva el dret de modificar els t\u00e9rmens i condicions establits en el present Av\u00eds Legal.<\/p>\n","protected":false},"excerpt":{"rendered":"<p>Titularitat del web caneturisme.es, \u00e9s un domini en internet de titularitat: Ajuntament de Canet d&#8217;en Berenguer Adre\u00e7a: Plaza Ajuntament 1 CP: 46529 Tel\u00e8fon: 962 69 80 20 L&#8217;ajuntament, a trav\u00e9s d&#8217;este espai web, es posen a la disposici\u00f3 dels diferents usuaris l&#8217;acc\u00e9s i utilitzaci\u00f3 de servicis i informaci\u00f3 referits tant a la seua \u00e0mbit d&#8217;actuaci\u00f3 [&hellip;]<\/p>\n","protected":false},"author":1,"featured_media":0,"parent":0,"menu_order":0,"comment_status":"closed","ping_status":"closed","template":"","meta":{"_acf_changed":false,"_seopress_robots_primary_cat":"","_seopress_titles_title":"","_seopress_titles_desc":"","_seopress_robots_index":"","footnotes":""},"class_list":["post-1946","page","type-page","status-publish","hentry"],"acf":[],"_links":{"self":[{"href":"https:\/\/caneturisme.es\/va\/wp-json\/wp\/v2\/pages\/1946","targetHints":{"allow":["GET"]}}],"collection":[{"href":"https:\/\/caneturisme.es\/va\/wp-json\/wp\/v2\/pages"}],"about":[{"href":"https:\/\/caneturisme.es\/va\/wp-json\/wp\/v2\/types\/page"}],"author":[{"embeddable":true,"href":"https:\/\/caneturisme.es\/va\/wp-json\/wp\/v2\/users\/1"}],"replies":[{"embeddable":true,"href":"https:\/\/caneturisme.es\/va\/wp-json\/wp\/v2\/comments?post=1946"}],"version-history":[{"count":1,"href":"https:\/\/caneturisme.es\/va\/wp-json\/wp\/v2\/pages\/1946\/revisions"}],"predecessor-version":[{"id":1947,"href":"https:\/\/caneturisme.es\/va\/wp-json\/wp\/v2\/pages\/1946\/revisions\/1947"}],"wp:attachment":[{"href":"https:\/\/caneturisme.es\/va\/wp-json\/wp\/v2\/media?parent=1946"}],"curies":[{"name":"wp","href":"https:\/\/api.w.org\/{rel}","templated":true}]}}